{"id":3024,"date":"2021-02-20T13:31:26","date_gmt":"2021-02-20T12:31:26","guid":{"rendered":"https:\/\/dennis-jale.com\/?page_id=3024"},"modified":"2025-10-28T15:39:21","modified_gmt":"2025-10-28T14:39:21","slug":"impressum","status":"publish","type":"page","link":"https:\/\/dennis-jale.com\/en\/impressum\/","title":{"rendered":"Impressum"},"content":{"rendered":"<p>[vc_row][vc_column][la_divider height=&#8221;lg:30px;&#8221;][vc_column_text]<\/p>\n<h2>ANGABEN GEM. \u00a7 5 ABS. 1 <a href=\"https:\/\/www.wko.at\/service\/wirtschaftsrecht-gewerberecht\/Informationspflichten_nach_dem_E-Commerce-Gesetz_(ECG)_-_a.html\" target=\"_blank\" rel=\"noopener noreferrer\">E-COMMERCE-GESETZ<\/a> (ECG)<\/h2>\n<p>Dennis Jale<br \/>\n2344 Maria Enzersdorf<\/p>\n<p>Musiker &amp; Entertainer<br \/>\nVeranstalter<\/p>\n<p><strong>Handy:<\/strong> <a>+43 676 321 5650<\/a><br \/>\n<strong>E-Mail:<\/strong> <a>office(at)dennis-jale.com<\/a><\/p>\n<p><strong>Inhaber<\/strong><br \/>\nDennis Jale<\/p>\n<p><strong>UID-Nummer:\u00a0<\/strong>ATU58841212<\/p>\n<p>Mitglied der Wirtschaftskammer Wien<\/p>\n<p><strong>Anwendbare Rechtsvorschriften:<\/strong>\u00a0GewO, ECG<br \/>\n<strong>Aufsichtsbeh\u00f6rde nach ECG:<\/strong>\u00a0Magistratisches Bezirksamt des XXIII. Bezirkes<\/p>\n<p>Alle im Online-Shop ausgewiesenen Preise f\u00fcr Sendungen innerhalb der Europ\u00e4ischen Union enthalten die g\u00fcltige Mehrwertsteuer. Hinzu kommen die Versandkosten. F\u00fcr Lieferungen au\u00dferhalb der Europ\u00e4ischen Union, wie z.B. in die Schweiz oder nach Liechtenstein, verstehen sich die ausgewiesenen Artikelpreise exkl. Mehrwertsteuer und allf\u00e4lligen Zollgeb\u00fchren, die gesondert vom Versandunternehmen in Rechnung gestellt werden. Dennis Jale verrechnet demnach lediglich den Artikelpreis exkl. Mehrwertsteuer sowie die Versandkosten.<\/p>\n<p><strong>Umsetzung der Website:<\/strong> Dennis Jale<\/p>\n<p>Dieses Impressum gilt auch f\u00fcr alle externen Auftritte (Social Media Networks wie Facebook, Twitter, XING, LinkedIn, etc.) von Dennis Jale.<\/p>\n<h2>INHALTLICH VERANTWORTLICH<\/h2>\n<p>Dennis Jale<br \/>\nWienerbruckstra\u00dfe 77\/9<br \/>\n2344 Maria Enzersdorf<\/p>\n<p><strong>Handy:<\/strong> <a>+43 676 321 5650<\/a><br \/>\n<strong>E-Mail: <\/strong><a>office(at)dennis-jale.com<\/a><\/p>\n<h2>RECHTLICHER HINWEIS \/ STREITSCHLICHTUNG<\/h2>\n<p>Die EU-Kommission stellt eine Plattform zur Online-Streitbeilegung zur Verf\u00fcgung.<br \/>\nDiese ist unter folgendem externen Link erreichbar: <a href=\"http:\/\/ec.europa.eu\/consumers\/odr\/\" target=\"_blank\" rel=\"noopener noreferrer\">http:\/\/ec.europa.eu\/consumers\/odr\/<\/a><\/p>\n<h2>COPYRIGHT<\/h2>\n<p>Alle Rechte vorbehalten. Insbesondere d\u00fcrfen Nachdruck, Aufnahme in Online-Dienste und Internet sowie Vervielf\u00e4ltigung auf Datentr\u00e4ger wie CD-ROM, DVD-ROM etc. \u2013 auch auszugsweise \u2013 nur nach vorheriger schriftlicher Zustimmung von Lukas Charwat erfolgen. F\u00fcr unverlangt eingesandte Manuskripte kann keine Haftung \u00fcbernommen werden. Mit \u00dcbergabe der Manuskripte und Bilder an die Redaktion erteilt der Verfasser Dennis Jale das Recht zur Ver\u00f6ffentlichung. Honorierte Arbeiten gehen in das Verf\u00fcgungsrecht von Dennis Jale \u00fcber. Warennamen werden ohne Gew\u00e4hrleistung einer freien Verf\u00fcgung genutzt.<\/p>\n<h2>EXTERNE LINKS<\/h2>\n<p>Dennis Jale hat auf seinen Internetseiten Links (Querverweise) zu anderen Seiten im Internet geschaltet. Dennis Jale erkl\u00e4rt ausdr\u00fccklich, dass Dennis Jale keinerlei Einfluss auf die Gestaltung und die Inhalte der gelinkten Seiten hat. Deshalb distanziert sich Dennis Jale ausdr\u00fccklich von s\u00e4mtlichen Inhalten aller verkn\u00fcpften Internetseiten, die nicht auf dem Server von Dennis Jale abgelegt sind. Diese Erkl\u00e4rung gilt f\u00fcr alle angezeigten Links und f\u00fcr alle Inhalte der Seiten, zu denen die von Dennis Jale installierten Banner und Links f\u00fchren.<\/p>\n<h2>GEISTIGES EIGENTUM<\/h2>\n<p>S\u00e4mtliche Inhalte, das Layout, Bildmaterial sowie allf\u00e4llige Ton- und Videosequenzen sind im Sinne des Urheberrechtsgesetzes urheberrechtlich gesch\u00fctzt. Alle Rechte daran bleiben der Rechteinhaberin\/dem Rechteinhaber vorbehalten. \u00c4nderungen d\u00fcrfen nicht vorgenommen werden. Eine \u00f6ffentliche Verwendung der Informationen\/Services darf nur mit unserer Zustimmung und unter Nennung sowie Ersichtlichmachung der Quelle (\u00a9 Dennis Jale) erfolgen.[\/vc_column_text][la_divider height=&#8221;lg:20px;&#8221;][\/vc_column][\/vc_row]<\/p>\n","protected":false},"excerpt":{"rendered":"<p>&hellip;<\/p>\n","protected":false},"author":1,"featured_media":0,"parent":0,"menu_order":0,"comment_status":"closed","ping_status":"closed","template":"","meta":{"footnotes":""},"class_list":["post-3024","page","type-page","status-publish","hentry"],"yoast_head":"<!-- This site is optimized with the Yoast SEO plugin v27.5 - https:\/\/yoast.com\/product\/yoast-seo-wordpress\/ -->\n<title>Impressum - Official Site of Dennis Jale<\/title>\n<meta name=\"robots\" content=\"index, follow, max-snippet:-1, max-image-preview:large, max-video-preview:-1\" \/>\n<link rel=\"canonical\" href=\"https:\/\/dennis-jale.com\/en\/impressum\/\" \/>\n<meta property=\"og:locale\" content=\"en_US\" \/>\n<meta property=\"og:type\" content=\"article\" \/>\n<meta property=\"og:title\" content=\"Impressum - Official Site of Dennis Jale\" \/>\n<meta property=\"og:description\" content=\"&hellip;\" \/>\n<meta property=\"og:url\" content=\"https:\/\/dennis-jale.com\/en\/impressum\/\" \/>\n<meta property=\"og:site_name\" content=\"Official Site of Dennis Jale\" \/>\n<meta property=\"article:modified_time\" content=\"2025-10-28T14:39:21+00:00\" \/>\n<meta name=\"twitter:card\" content=\"summary_large_image\" \/>\n<meta name=\"twitter:label1\" content=\"Est. reading time\" \/>\n\t<meta name=\"twitter:data1\" content=\"3 minutes\" \/>\n<script type=\"application\/ld+json\" class=\"yoast-schema-graph\">{\"@context\":\"https:\\\/\\\/schema.org\",\"@graph\":[{\"@type\":\"WebPage\",\"@id\":\"https:\\\/\\\/dennis-jale.com\\\/en\\\/impressum\\\/\",\"url\":\"https:\\\/\\\/dennis-jale.com\\\/en\\\/impressum\\\/\",\"name\":\"Impressum - Official Site of Dennis Jale\",\"isPartOf\":{\"@id\":\"https:\\\/\\\/dennis-jale.com\\\/en\\\/#website\"},\"datePublished\":\"2021-02-20T12:31:26+00:00\",\"dateModified\":\"2025-10-28T14:39:21+00:00\",\"breadcrumb\":{\"@id\":\"https:\\\/\\\/dennis-jale.com\\\/en\\\/impressum\\\/#breadcrumb\"},\"inLanguage\":\"en-US\",\"potentialAction\":[{\"@type\":\"ReadAction\",\"target\":[\"https:\\\/\\\/dennis-jale.com\\\/en\\\/impressum\\\/\"]}]},{\"@type\":\"BreadcrumbList\",\"@id\":\"https:\\\/\\\/dennis-jale.com\\\/en\\\/impressum\\\/#breadcrumb\",\"itemListElement\":[{\"@type\":\"ListItem\",\"position\":1,\"name\":\"Home\",\"item\":\"https:\\\/\\\/dennis-jale.com\\\/en\\\/\"},{\"@type\":\"ListItem\",\"position\":2,\"name\":\"Impressum\"}]},{\"@type\":\"WebSite\",\"@id\":\"https:\\\/\\\/dennis-jale.com\\\/en\\\/#website\",\"url\":\"https:\\\/\\\/dennis-jale.com\\\/en\\\/\",\"name\":\"Official Site of Dennis Jale\",\"description\":\"Some Real Rock&#039;N&#039;Roll\",\"potentialAction\":[{\"@type\":\"SearchAction\",\"target\":{\"@type\":\"EntryPoint\",\"urlTemplate\":\"https:\\\/\\\/dennis-jale.com\\\/en\\\/?s={search_term_string}\"},\"query-input\":{\"@type\":\"PropertyValueSpecification\",\"valueRequired\":true,\"valueName\":\"search_term_string\"}}],\"inLanguage\":\"en-US\"}]}<\/script>\n<!-- \/ Yoast SEO plugin. -->","yoast_head_json":{"title":"Impressum - Official Site of Dennis Jale","robots":{"index":"index","follow":"follow","max-snippet":"max-snippet:-1","max-image-preview":"max-image-preview:large","max-video-preview":"max-video-preview:-1"},"canonical":"https:\/\/dennis-jale.com\/en\/impressum\/","og_locale":"en_US","og_type":"article","og_title":"Impressum - Official Site of Dennis Jale","og_description":"&hellip;","og_url":"https:\/\/dennis-jale.com\/en\/impressum\/","og_site_name":"Official Site of Dennis Jale","article_modified_time":"2025-10-28T14:39:21+00:00","twitter_card":"summary_large_image","twitter_misc":{"Est. reading time":"3 minutes"},"schema":{"@context":"https:\/\/schema.org","@graph":[{"@type":"WebPage","@id":"https:\/\/dennis-jale.com\/en\/impressum\/","url":"https:\/\/dennis-jale.com\/en\/impressum\/","name":"Impressum - Official Site of Dennis Jale","isPartOf":{"@id":"https:\/\/dennis-jale.com\/en\/#website"},"datePublished":"2021-02-20T12:31:26+00:00","dateModified":"2025-10-28T14:39:21+00:00","breadcrumb":{"@id":"https:\/\/dennis-jale.com\/en\/impressum\/#breadcrumb"},"inLanguage":"en-US","potentialAction":[{"@type":"ReadAction","target":["https:\/\/dennis-jale.com\/en\/impressum\/"]}]},{"@type":"BreadcrumbList","@id":"https:\/\/dennis-jale.com\/en\/impressum\/#breadcrumb","itemListElement":[{"@type":"ListItem","position":1,"name":"Home","item":"https:\/\/dennis-jale.com\/en\/"},{"@type":"ListItem","position":2,"name":"Impressum"}]},{"@type":"WebSite","@id":"https:\/\/dennis-jale.com\/en\/#website","url":"https:\/\/dennis-jale.com\/en\/","name":"Official Site of Dennis Jale","description":"Some Real Rock&#039;N&#039;Roll","potentialAction":[{"@type":"SearchAction","target":{"@type":"EntryPoint","urlTemplate":"https:\/\/dennis-jale.com\/en\/?s={search_term_string}"},"query-input":{"@type":"PropertyValueSpecification","valueRequired":true,"valueName":"search_term_string"}}],"inLanguage":"en-US"}]}},"jetpack_sharing_enabled":true,"_links":{"self":[{"href":"https:\/\/dennis-jale.com\/en\/wp-json\/wp\/v2\/pages\/3024","targetHints":{"allow":["GET"]}}],"collection":[{"href":"https:\/\/dennis-jale.com\/en\/wp-json\/wp\/v2\/pages"}],"about":[{"href":"https:\/\/dennis-jale.com\/en\/wp-json\/wp\/v2\/types\/page"}],"author":[{"embeddable":true,"href":"https:\/\/dennis-jale.com\/en\/wp-json\/wp\/v2\/users\/1"}],"replies":[{"embeddable":true,"href":"https:\/\/dennis-jale.com\/en\/wp-json\/wp\/v2\/comments?post=3024"}],"version-history":[{"count":4,"href":"https:\/\/dennis-jale.com\/en\/wp-json\/wp\/v2\/pages\/3024\/revisions"}],"predecessor-version":[{"id":7670,"href":"https:\/\/dennis-jale.com\/en\/wp-json\/wp\/v2\/pages\/3024\/revisions\/7670"}],"wp:attachment":[{"href":"https:\/\/dennis-jale.com\/en\/wp-json\/wp\/v2\/media?parent=3024"}],"curies":[{"name":"wp","href":"https:\/\/api.w.org\/{rel}","templated":true}]}}